{"id":1912,"date":"2023-05-05T22:48:36","date_gmt":"2023-05-05T22:48:36","guid":{"rendered":"https:\/\/tplabs.co\/congin\/?page_id=1912"},"modified":"2025-06-12T20:04:55","modified_gmt":"2025-06-12T20:04:55","slug":"nosotros","status":"publish","type":"page","link":"https:\/\/cdclatina.com.mx\/index.php\/nosotros\/","title":{"rendered":"Nosotros"},"content":{"rendered":"\t\t<div data-elementor-type=\"wp-page\" data-elementor-id=\"1912\" class=\"elementor elementor-1912\">\n\t\t\t\t\t\t<section class=\"elementor-section elementor-top-section elementor-element elementor-element-261a3d4 elementor-section-stretched elementor-section-full_width elementor-section-height-default elementor-section-height-default\" data-id=\"261a3d4\" data-element_type=\"section\" data-settings=\"{&quot;stretch_section&quot;:&quot;section-stretched&quot;,&quot;background_background&quot;:&quot;classic&quot;}\">\n\t\t\t\t\t\t<div class=\"elementor-container elementor-column-gap-no\">\n\t\t\t\t\t<div class=\"elementor-column elementor-col-100 elementor-top-column elementor-element elementor-element-6f80afd\" data-id=\"6f80afd\" data-element_type=\"column\">\n\t\t\t<div class=\"elementor-widget-wrap elementor-element-populated\">\n\t\t\t\t\t\t<div class=\"elementor-element elementor-element-0e650d1 elementor-widget elementor-widget-spacer\" data-id=\"0e650d1\" data-element_type=\"widget\" data-widget_type=\"spacer.default\">\n\t\t\t\t<div class=\"elementor-widget-container\">\n\t\t\t\t\t\t\t<div class=\"elementor-spacer\">\n\t\t\t<div class=\"elementor-spacer-inner\"><\/div>\n\t\t<\/div>\n\t\t\t\t\t\t<\/div>\n\t\t\t\t<\/div>\n\t\t\t\t\t<\/div>\n\t\t<\/div>\n\t\t\t\t\t<\/div>\n\t\t<\/section>\n\t\t\t\t<section class=\"elementor-section elementor-top-section elementor-element elementor-element-e8820df elementor-section-stretched elementor-section-boxed elementor-section-height-default elementor-section-height-default\" data-id=\"e8820df\" data-element_type=\"section\" data-settings=\"{&quot;stretch_section&quot;:&quot;section-stretched&quot;}\">\n\t\t\t\t\t\t<div class=\"elementor-container elementor-column-gap-default\">\n\t\t\t\t\t<div class=\"elementor-column elementor-col-100 elementor-top-column elementor-element elementor-element-7bde62d\" data-id=\"7bde62d\" data-element_type=\"column\">\n\t\t\t<div class=\"elementor-widget-wrap elementor-element-populated\">\n\t\t\t\t\t\t<section class=\"elementor-section elementor-inner-section elementor-element elementor-element-683ff87 elementor-section-content-middle elementor-section-boxed elementor-section-height-default elementor-section-height-default\" data-id=\"683ff87\" data-element_type=\"section\" data-settings=\"{&quot;background_background&quot;:&quot;classic&quot;}\">\n\t\t\t\t\t\t<div class=\"elementor-container elementor-column-gap-no\">\n\t\t\t\t\t<div class=\"elementor-column elementor-col-50 elementor-inner-column elementor-element elementor-element-30f21fc\" data-id=\"30f21fc\" data-element_type=\"column\">\n\t\t\t<div class=\"elementor-widget-wrap elementor-element-populated\">\n\t\t\t\t\t\t<div class=\"elementor-element elementor-element-df8c230 elementor-widget elementor-widget-spacer\" data-id=\"df8c230\" data-element_type=\"widget\" data-widget_type=\"spacer.default\">\n\t\t\t\t<div class=\"elementor-widget-container\">\n\t\t\t\t\t\t\t<div class=\"elementor-spacer\">\n\t\t\t<div class=\"elementor-spacer-inner\"><\/div>\n\t\t<\/div>\n\t\t\t\t\t\t<\/div>\n\t\t\t\t<\/div>\n\t\t\t\t<div class=\"elementor-element elementor-element-bd923ca icon-position-right icon-box-default icon-has-bg elementor-widget elementor-widget-mae-icon-box\" data-id=\"bd923ca\" data-element_type=\"widget\" data-widget_type=\"mae-icon-box.default\">\n\t\t\t\t<div class=\"elementor-widget-container\">\n\t\t\t\t\t                <div class=\"master-icon-box\" >\n                        \n            <div class=\"inner\">\n                <div class=\"icon-wrap\"><div class=\"master-icon\"><svg xmlns=\"http:\/\/www.w3.org\/2000\/svg\" height=\"661pt\" viewBox=\"-20 -40 661.33331 661\" width=\"661pt\"><style type=\"text\/css\">\t\t.gear { animation: rotate 10s linear infinite; transform-box: fill-box; transform-origin: 50% 50%;  }\t\t@keyframes rotate { 0% { transform: rotate(0deg); } 100% { transform: rotate(360deg); }}\t<\/style><path class=\"gear\" d=\"m10 248.832031h55.476562c3.28125 11.832031 8.007813 23.214844 14.085938 33.882813l-39.265625 39.25c-1.875 1.875-2.929687 4.417968-2.929687 7.074218s1.054687 5.199219 2.929687 7.074219l42.421875 42.433594c3.90625 3.898437 10.234375 3.898437 14.140625 0l39.269531-39.273437c10.667969 6.074218 22.039063 10.804687 33.871094 14.082031v55.476562c0 5.523438 4.476562 10 10 10h60c5.523438 0 10-4.476562 10-10v-55.476562c11.832031-3.277344 23.203125-8.007813 33.871094-14.082031l39.269531 39.273437c3.96875 3.75 10.175781 3.75 14.140625 0l42.429688-42.433594c1.875-1.875 2.929687-4.417969 2.929687-7.074219s-1.054687-5.199218-2.929687-7.074218l-39.273438-39.25c6.078125-10.667969 10.804688-22.050782 14.085938-33.882813h55.476562c5.523438 0 10-4.476562 10-10v-60c0-5.519531-4.476562-10-10-10h-55.476562c-3.28125-11.828125-8.007813-23.210937-14.085938-33.878906l39.265625-39.25c1.875-1.875 2.929687-4.417969 2.929687-7.074219s-1.054687-5.199218-2.929687-7.074218l-42.421875-42.433594c-3.90625-3.902344-10.234375-3.902344-14.140625 0l-39.269531 39.273437c-10.667969-6.070312-22.042969-10.800781-33.871094-14.082031v-55.480469c0-5.519531-4.476562-10-10-10h-60c-5.523438 0-10 4.480469-10 10v55.480469c-11.828125 3.28125-23.203125 8.011719-33.871094 14.082031l-39.269531-39.273437c-3.96875-3.75-10.175781-3.75-14.140625 0l-42.429688 42.433594c-1.875 1.875-2.929687 4.417968-2.929687 7.074218s1.054687 5.199219 2.929687 7.074219l39.273438 39.25c-6.078125 10.667969-10.804688 22.050781-14.085938 33.878906h-55.476562c-5.523438 0-10 4.480469-10 10v60c0 5.523438 4.476562 10 10 10zm10-60h53.300781c4.699219 0 8.765625-3.269531 9.769531-7.859375 3.28125-14.976562 9.214844-29.25 17.519532-42.140625 2.535156-3.953125 1.972656-9.144531-1.351563-12.46875l-37.738281-37.738281 28.289062-28.292969 37.730469 37.738281c3.324219 3.332032 8.519531 3.894532 12.480469 1.355469 12.894531-8.300781 27.164062-14.234375 42.140625-17.519531 4.585937-1.007812 7.859375-5.074219 7.859375-9.773438v-53.300781h40v53.300781c0 4.699219 3.273438 8.765626 7.859375 9.773438 14.976563 3.285156 29.246094 9.21875 42.140625 17.519531 3.960938 2.539063 9.15625 1.976563 12.480469-1.355469l37.730469-37.738281 28.28125 28.292969-37.730469 37.726562c-3.332031 3.328126-3.890625 8.523438-1.351563 12.480469 8.304688 12.898438 14.230469 27.167969 17.507813 42.148438 1.007812 4.589843 5.074219 7.863281 9.769531 7.863281h53.3125v40h-53.3125c-4.695312 0-8.761719 3.269531-9.769531 7.859375-3.277344 14.976563-9.207031 29.246094-17.507813 42.128906-2.535156 3.957031-1.972656 9.148438 1.351563 12.472657l37.738281 37.730468-28.289062 28.300782-37.730469-37.742188c-3.324219-3.328125-8.519531-3.890625-12.480469-1.351562-12.886719 8.304687-27.152344 14.238281-42.128906 17.519531-4.59375 1-7.871094 5.070312-7.871094 9.769531v53.300781h-40v-53.300781c0-4.699219-3.277344-8.769531-7.871094-9.769531-14.976562-3.28125-29.242187-9.214844-42.128906-17.519531-3.960938-2.539063-9.15625-1.976563-12.480469 1.351562l-37.730469 37.742188-28.28125-28.292969 37.730469-37.730469c3.332031-3.324219 3.890625-8.519531 1.351563-12.480469-8.304688-12.894531-14.238282-27.167969-17.519532-42.148437-1.007812-4.589844-5.070312-7.851563-9.769531-7.851563h-53.300781zm0 0\"><\/path><path d=\"m210 288.832031c44.183594 0 80-35.8125 80-80 0-44.183593-35.816406-80-80-80s-80 35.816407-80 80c.046875 44.160157 35.839844 79.953125 80 80zm0-140c33.132812 0 60 26.867188 60 60 0 33.136719-26.867188 60-60 60s-60-26.863281-60-60c.035156-33.125 26.875-59.964843 60-60zm0 0\"><\/path><path d=\"m210 318.832031c60.75 0 110-49.246093 110-110 0-60.75-49.25-110-110-110s-110 49.25-110 110c.074219 60.722657 49.277344 109.929688 110 110zm0-200c49.707031 0 90 40.292969 90 90s-40.292969 90-90 90-90-40.292969-90-90c.054688-49.679687 40.316406-89.945312 90-90zm0 0\"><\/path><path d=\"m570 458.832031v-80c0-5.519531-4.476562-10-10-10h-20v-80c0-5.519531-4.476562-10-10-10h-90c-5.523438 0-10 4.480469-10 10v80h-50c-5.523438 0-10 4.480469-10 10v80h-320c-27.601562.035157-49.9648438 22.398438-50 50v20c.0351562 27.605469 22.398438 49.96875 50 50h520c27.601562-.03125 49.964844-22.394531 50-50v-20c-.035156-27.601562-22.398438-49.964843-50-50zm-20 0h-70v-70h70zm-100-160h70v70h-70zm-60 90h70v70h-70zm210 140c0 16.570313-13.433594 30-30 30h-520c-16.566406 0-30-13.429687-30-30v-20c0-16.566406 13.433594-30 30-30h520c16.566406 0 30 13.433594 30 30zm0 0\"><\/path><path d=\"m310 488.832031c-16.566406 0-30 13.433594-30 30 0 16.570313 13.433594 30 30 30s30-13.429687 30-30c0-16.566406-13.433594-30-30-30zm0 40c-5.523438 0-10-4.476562-10-10 0-5.519531 4.476562-10 10-10s10 4.480469 10 10c0 5.523438-4.476562 10-10 10zm0 0\"><\/path><path d=\"m210 488.832031c-16.566406 0-30 13.433594-30 30 0 16.570313 13.433594 30 30 30s30-13.429687 30-30c0-16.566406-13.433594-30-30-30zm0 40c-5.523438 0-10-4.476562-10-10 0-5.519531 4.476562-10 10-10s10 4.480469 10 10c0 5.523438-4.476562 10-10 10zm0 0\"><\/path><path d=\"m410 488.832031c-16.566406 0-30 13.433594-30 30 0 16.570313 13.433594 30 30 30s30-13.429687 30-30c0-16.566406-13.433594-30-30-30zm0 40c-5.523438 0-10-4.476562-10-10 0-5.519531 4.476562-10 10-10s10 4.480469 10 10c0 5.523438-4.476562 10-10 10zm0 0\"><\/path><path d=\"m110 488.832031c-16.566406 0-30 13.433594-30 30 0 16.570313 13.433594 30 30 30s30-13.429687 30-30c0-16.566406-13.433594-30-30-30zm0 40c-5.523438 0-10-4.476562-10-10 0-5.519531 4.476562-10 10-10s10 4.480469 10 10c0 5.523438-4.476562 10-10 10zm0 0\"><\/path><path d=\"m510 488.832031c-16.566406 0-30 13.433594-30 30 0 16.570313 13.433594 30 30 30s30-13.429687 30-30c0-16.566406-13.433594-30-30-30zm0 40c-5.523438 0-10-4.476562-10-10 0-5.519531 4.476562-10 10-10s10 4.480469 10 10c0 5.523438-4.476562 10-10 10zm0 0\"><\/path><\/svg><\/div><\/div>\n                <div class=\"text-wrap\">\n                    <h3 class=\"headline-2\">INTEGRIDAD, COMPROMISO, EXCELENCIA RESPETO Y SEGURIDAD<\/h3><div class=\"desc\">SON LOS VALORES QUE RIGEN NUESTRA EMPRESA<\/div>                <\/div>\n            <\/div>\n\n            <div class=\"bg-static\"><\/div>        <\/div>\n        \t\t\t\t<\/div>\n\t\t\t\t<\/div>\n\t\t\t\t<div class=\"elementor-element elementor-element-12b054e elementor-widget elementor-widget-spacer\" data-id=\"12b054e\" data-element_type=\"widget\" data-widget_type=\"spacer.default\">\n\t\t\t\t<div class=\"elementor-widget-container\">\n\t\t\t\t\t\t\t<div class=\"elementor-spacer\">\n\t\t\t<div class=\"elementor-spacer-inner\"><\/div>\n\t\t<\/div>\n\t\t\t\t\t\t<\/div>\n\t\t\t\t<\/div>\n\t\t\t\t\t<\/div>\n\t\t<\/div>\n\t\t\t\t<div class=\"elementor-column elementor-col-50 elementor-inner-column elementor-element elementor-element-e8e84c8\" data-id=\"e8e84c8\" data-element_type=\"column\" data-settings=\"{&quot;background_background&quot;:&quot;classic&quot;}\">\n\t\t\t<div class=\"elementor-widget-wrap elementor-element-populated\">\n\t\t\t\t\t\t<div class=\"elementor-element elementor-element-0cbd7be elementor-widget elementor-widget-spacer\" data-id=\"0cbd7be\" data-element_type=\"widget\" data-widget_type=\"spacer.default\">\n\t\t\t\t<div class=\"elementor-widget-container\">\n\t\t\t\t\t\t\t<div class=\"elementor-spacer\">\n\t\t\t<div class=\"elementor-spacer-inner\"><\/div>\n\t\t<\/div>\n\t\t\t\t\t\t<\/div>\n\t\t\t\t<\/div>\n\t\t\t\t\t<\/div>\n\t\t<\/div>\n\t\t\t\t\t<\/div>\n\t\t<\/section>\n\t\t\t\t<div class=\"elementor-element elementor-element-3d6fa9b align-center heading-default elementor-widget elementor-widget-mae-headings\" data-id=\"3d6fa9b\" data-element_type=\"widget\" data-widget_type=\"mae-headings.default\">\n\t\t\t\t<div class=\"elementor-widget-container\">\n\t\t\t\t\t\t\t<div class=\"master-heading sep-top\">\n\t\t\t\n\t        \t        \t<div class=\"pre-heading\">\n\t\t\t\t<div class=\"sep\">\/<\/div>\t\n\t\t\t\t<span class=\"line\"><span class=\"inner\"><\/span><\/span>CDC LATINA <\/div>\n\t        \n\t        \n\t        \t        <h2 class=\"main-heading\"><span>LA CALIDAD EN TU EMPRESA<\/span><\/h2>\n\t        \n\t        \n\t        \t            <div class=\"sub-heading\"><br\/><div style=\"text-align: center\">NUESTRA MISION: <\/div><br>\nProporcionar soluciones innovadoras y sostenibles en la distribuci\u00f3n de Carbonato de Calcio Natural,<br> comprometidos con la calidad, la eficiencia, el servicio y el cuidado del medio ambiente, <br>con un enfoque personalizado que contribuya al desarrollo y la satisfacci\u00f3n del cliente.<br\/><br\/><br\/>\n\n<div style=\"text-align: center\">NUESTRA VISION: <\/div><br>\nSer reconocidos como l\u00edderes en la distribuci\u00f3n de carbonato de calcio natural, destacando por nuestra innovaci\u00f3n, confiabilidad y compromiso con la sostenibilidad,<br> mientras generamos valor para nuestros clientes, empleados y comunidades, consolid\u00e1ndonos como un referente en el sector a nivel regional y global. \n<br\/><br\/><br\/><div style=\"text-align: center\">NUESTROS PRINCIPALES REPRESENTANTES: <\/div>Lic. Gustavo Tinajero<br\/>gustavo@cdclatina.com.mx<br\/>5518513743<\/div><br>Lic.H. Belem Lagunes<br>haydee@cdclatina.com.mx<br>5518512569<\/div><br>Ing. Edgar Rodr\u00edguez<br>edgar@cdclatina.com.mx<br>4441655804\n<\/div>\n\t        \t    <\/div>\n\t    \t\t\t\t<\/div>\n\t\t\t\t<\/div>\n\t\t\t\t<div class=\"elementor-element elementor-element-1805571 elementor-widget elementor-widget-spacer\" data-id=\"1805571\" data-element_type=\"widget\" data-widget_type=\"spacer.default\">\n\t\t\t\t<div class=\"elementor-widget-container\">\n\t\t\t\t\t\t\t<div class=\"elementor-spacer\">\n\t\t\t<div class=\"elementor-spacer-inner\"><\/div>\n\t\t<\/div>\n\t\t\t\t\t\t<\/div>\n\t\t\t\t<\/div>\n\t\t\t\t\t<\/div>\n\t\t<\/div>\n\t\t\t\t\t<\/div>\n\t\t<\/section>\n\t\t\t\t<\/div>\n\t\t\n    <div class=\"xs_social_share_widget xs_share_url after_content \t\tmain_content  wslu-style-1 wslu-share-box-shaped wslu-fill-colored wslu-none wslu-share-horizontal wslu-theme-font-no wslu-main_content\">\n\n\t\t\n        <ul>\n\t\t\t        <\/ul>\n    <\/div> \n","protected":false},"excerpt":{"rendered":"<p>INTEGRIDAD, COMPROMISO, EXCELENCIA RESPETO Y SEGURIDAD SON LOS VALORES QUE RIGEN NUESTRA EMPRESA \/ CDC LATINA LA CALIDAD EN TU EMPRESA NUESTRA MISION: Proporcionar soluciones innovadoras y sostenibles en la distribuci\u00f3n de Carbonato de Calcio Natural, comprometidos con la calidad, la eficiencia, el servicio y el cuidado del medio ambiente,<\/p>\n","protected":false},"author":1,"featured_media":0,"parent":0,"menu_order":0,"comment_status":"closed","ping_status":"closed","template":"","meta":{"inline_featured_image":false,"footnotes":""},"class_list":["post-1912","page","type-page","status-publish","hentry"],"_links":{"self":[{"href":"https:\/\/cdclatina.com.mx\/index.php\/wp-json\/wp\/v2\/pages\/1912","targetHints":{"allow":["GET"]}}],"collection":[{"href":"https:\/\/cdclatina.com.mx\/index.php\/wp-json\/wp\/v2\/pages"}],"about":[{"href":"https:\/\/cdclatina.com.mx\/index.php\/wp-json\/wp\/v2\/types\/page"}],"author":[{"embeddable":true,"href":"https:\/\/cdclatina.com.mx\/index.php\/wp-json\/wp\/v2\/users\/1"}],"replies":[{"embeddable":true,"href":"https:\/\/cdclatina.com.mx\/index.php\/wp-json\/wp\/v2\/comments?post=1912"}],"version-history":[{"count":83,"href":"https:\/\/cdclatina.com.mx\/index.php\/wp-json\/wp\/v2\/pages\/1912\/revisions"}],"predecessor-version":[{"id":5365,"href":"https:\/\/cdclatina.com.mx\/index.php\/wp-json\/wp\/v2\/pages\/1912\/revisions\/5365"}],"wp:attachment":[{"href":"https:\/\/cdclatina.com.mx\/index.php\/wp-json\/wp\/v2\/media?parent=1912"}],"curies":[{"name":"wp","href":"https:\/\/api.w.org\/{rel}","templated":true}]}}